{"id":14294,"date":"2024-10-22T16:39:27","date_gmt":"2024-10-22T15:39:27","guid":{"rendered":"https:\/\/lylovaweb.com\/?page_id=14294"},"modified":"2024-10-22T16:55:14","modified_gmt":"2024-10-22T15:55:14","slug":"blog","status":"publish","type":"page","link":"https:\/\/lylovaweb.com\/tr\/blog\/","title":{"rendered":"Blog"},"content":{"rendered":"<div data-elementor-type=\"wp-page\" data-elementor-id=\"14294\" class=\"elementor elementor-14294\" data-elementor-post-type=\"page\">\n\t\t\t\t\t\t<section class=\"elementor-section elementor-top-section elementor-element elementor-element-3120139 elementor-section-boxed elementor-section-height-default elementor-section-height-default\" data-id=\"3120139\" data-element_type=\"section\" data-e-type=\"section\">\n\t\t\t\t\t\t<div class=\"elementor-container elementor-column-gap-default\">\n\t\t\t\t\t<div class=\"elementor-column elementor-col-100 elementor-top-column elementor-element elementor-element-cc02eb2\" data-id=\"cc02eb2\" data-element_type=\"column\" data-e-type=\"column\">\n\t\t\t<div class=\"elementor-widget-wrap elementor-element-populated\">\n\t\t\t\t\t\t<div class=\"elementor-element elementor-element-7f0a0b2 elementor-widget elementor-widget-heading\" data-id=\"7f0a0b2\" data-element_type=\"widget\" data-e-type=\"widget\" data-widget_type=\"heading.default\">\n\t\t\t\t<div class=\"elementor-widget-container\">\n\t\t\t\t\t<h1 class=\"elementor-heading-title elementor-size-default\">Blog<\/h1>\t\t\t\t<\/div>\n\t\t\t\t<\/div>\n\t\t\t\t\t<\/div>\n\t\t<\/div>\n\t\t\t\t\t<\/div>\n\t\t<\/section>\n\t\t\t\t<section class=\"elementor-section elementor-top-section elementor-element elementor-element-3a5bf79 elementor-section-boxed elementor-section-height-default elementor-section-height-default\" data-id=\"3a5bf79\" data-element_type=\"section\" data-e-type=\"section\">\n\t\t\t\t\t\t<div class=\"elementor-container elementor-column-gap-default\">\n\t\t\t\t\t<div class=\"elementor-column elementor-col-100 elementor-top-column elementor-element elementor-element-6529edc\" data-id=\"6529edc\" data-element_type=\"column\" data-e-type=\"column\">\n\t\t\t<div class=\"elementor-widget-wrap elementor-element-populated\">\n\t\t\t\t\t\t<div class=\"elementor-element elementor-element-e4fac6a elementor-widget elementor-widget-elementskit-blog-posts\" data-id=\"e4fac6a\" data-element_type=\"widget\" data-e-type=\"widget\" data-widget_type=\"elementskit-blog-posts.default\">\n\t\t\t\t<div class=\"elementor-widget-container\">\n\t\t\t\t\t<div class=\"ekit-wid-con\" >        <div id=\"post-items--e4fac6a\" class=\"row post-items\">\n                    <div class=\"col-md-12\">\n\n                                    <div class=\"elementskit-blog-block-post\">\n                        <div class=\"row no-gutters\">\n                                                            <div class=\"col-md-6 order-1\">\n                                    <a href=\"https:\/\/lylovaweb.com\/tr\/saudi-arabia-social-media-statistics-2024\/\" class=\"elementskit-entry-thumb\">\n                                        <img decoding=\"async\" loading=\"lazy\" src=\"https:\/\/lylovaweb.com\/wp-content\/uploads\/2024\/10\/Image2.jpg\" alt=\"SAUDI ARABIA SOCIAL MEDIA STATISTICS 2024\">\n                                    <\/a><!-- .elementskit-entry-thumb END -->\n                                <\/div>\n                            \n                            <div class=\"col-md-6 order-2\">\n                                <div class=\"elementskit-post-body\">\n                                    <div class=\"elementskit-entry-header\">\n                                        \t\t\t\t\t\t\t\t\t\t\t\t\t\t\t<h2 class=\"entry-title\">\n\t\t\t\t\t<a href=\"https:\/\/lylovaweb.com\/tr\/saudi-arabia-social-media-statistics-2024\/\">\n\t\t\t\t\t\tSUUD\u0130 ARAB\u0130STAN SOSYAL MEDYA \u0130STAT\u0130ST\u0130KLER\u0130 2024\t\t\t\t\t<\/a>\n\t\t\t\t<\/h2>\n\t\t\t                                        \n                                                                                            \t\t\t\t\t\t\t\t\t\t\t<div class=\"post-meta-list\">\n\t\t\t\t\t\t\t\t\t\t\t\t\t\t\t\t\t\t\t\t\t\t\t\t\t\t\t\t\t\t\t\t<span class=\"meta-date\">\n\t\t\t\t\t\t\t\t\t\t<i aria-hidden=\"true\" class=\"icon icon-calendar3\"><\/i>\t\t\t\t\t\t\t\t\t\t<span class=\"meta-date-text\">\n\t\t\t\t\t\t\t\t\t\t\t22\/10\/2024\t\t\t\t\t\t\t\t\t\t<\/span>\n\t\t\t\t\t\t\t\t\t<\/span>\n\t\t\t\t\t\t\t\t\t\t\t\t\t\t\t\t\t\t\t\t\t\t\t\t\t\t\t\t\t\t\t\t\t\t\t\t\t<\/div>\n\t\t\t\t\t                                            \n                                            \n                                                                                <\/div><!-- .elementskit-entry-header END -->\n\n                                                                            <div class=\"elementskit-post-footer\">\n                                                                                            <p>SAUDI ARABIA SOCIAL MEDIA STATISTICS 2024 GMI Research Team With the explosion of social media usage in Saudi Arabia, companies have a unique opportunity to attract new customers in a rapidly expanding digital environment. In 2024, nearly 16.84 million people connect daily on social media platforms, representing 94.30% of the country&#8217;s population. Social media has...<\/p>\n                                                                                                                                <\/div><!-- .elementskit-post-footer END -->\n                                                                    <\/div><!-- .elementskit-post-body END -->\n                            <\/div>\n                        <\/div>\n                    <\/div><!-- .elementskit-blog-block-post .radius .gradient-bg END -->\n                \n            <\/div>\n                <\/div>\n       <\/div>\t\t\t\t<\/div>\n\t\t\t\t<\/div>\n\t\t\t\t\t<\/div>\n\t\t<\/div>\n\t\t\t\t\t<\/div>\n\t\t<\/section>\n\t\t\t\t<\/div>","protected":false},"excerpt":{"rendered":"<p>Blog SAUDI ARABIA SOCIAL MEDIA STATISTICS 2024 22\/10\/2024 SAUDI ARABIA SOCIAL MEDIA STATISTICS 2024 With the explosion of social media usage in Saudi Arabia, companies have a unique opportunity to attract new customers in a rapidly expanding digital environment. In 2024, nearly 16.84 million people connect daily on social media platforms, representing 94.30% of the&#8230;<\/p>","protected":false},"author":2,"featured_media":0,"parent":0,"menu_order":0,"comment_status":"closed","ping_status":"closed","template":"elementor_header_footer","meta":{"nf_dc_page":"","footnotes":""},"class_list":["post-14294","page","type-page","status-publish","hentry"],"yoast_head":"<!-- This site is optimized with the Yoast SEO plugin v27.4 - https:\/\/yoast.com\/product\/yoast-seo-wordpress\/ -->\n<title>Blog - Lylovaweb<\/title>\n<meta name=\"description\" content=\"Blog SAUDI ARABIA SOCIAL MEDIA STATISTICS 2024 22\/10\/2024 SAUDI ARABIA SOCIAL MEDIA STATISTICS 2024 With the explosion of social media usage in Saudi\" \/>\n<meta name=\"robots\" content=\"index, follow, max-snippet:-1, max-image-preview:large, max-video-preview:-1\" \/>\n<link rel=\"canonical\" href=\"https:\/\/lylovaweb.com\/tr\/blog\/\" \/>\n<meta property=\"og:locale\" content=\"tr_TR\" \/>\n<meta property=\"og:type\" content=\"article\" \/>\n<meta property=\"og:title\" content=\"Blog - Lylovaweb\" \/>\n<meta property=\"og:description\" content=\"Blog SAUDI ARABIA SOCIAL MEDIA STATISTICS 2024 22\/10\/2024 SAUDI ARABIA SOCIAL MEDIA STATISTICS 2024 With the explosion of social media usage in Saudi\" \/>\n<meta property=\"og:url\" content=\"https:\/\/lylovaweb.com\/tr\/blog\/\" \/>\n<meta property=\"og:site_name\" content=\"Lylovaweb\" \/>\n<meta property=\"article:publisher\" content=\"https:\/\/www.facebook.com\/people\/Lylovaweb\/61565990428665\/\" \/>\n<meta property=\"article:modified_time\" content=\"2024-10-22T15:55:14+00:00\" \/>\n<meta property=\"og:image\" content=\"https:\/\/lylovaweb.com\/wp-content\/uploads\/2024\/10\/Image2.jpg\" \/>\n<meta name=\"twitter:card\" content=\"summary_large_image\" \/>\n<meta name=\"twitter:label1\" content=\"Tahmini okuma s\u00fcresi\" \/>\n\t<meta name=\"twitter:data1\" content=\"1 dakika\" \/>\n<script type=\"application\/ld+json\" class=\"yoast-schema-graph\">{\"@context\":\"https:\\\/\\\/schema.org\",\"@graph\":[{\"@type\":\"WebPage\",\"@id\":\"https:\\\/\\\/lylovaweb.com\\\/blog\\\/\",\"url\":\"https:\\\/\\\/lylovaweb.com\\\/blog\\\/\",\"name\":\"Blog - Lylovaweb\",\"isPartOf\":{\"@id\":\"https:\\\/\\\/lylovaweb.com\\\/#website\"},\"primaryImageOfPage\":{\"@id\":\"https:\\\/\\\/lylovaweb.com\\\/blog\\\/#primaryimage\"},\"image\":{\"@id\":\"https:\\\/\\\/lylovaweb.com\\\/blog\\\/#primaryimage\"},\"thumbnailUrl\":\"https:\\\/\\\/lylovaweb.com\\\/wp-content\\\/uploads\\\/2024\\\/10\\\/Image2.jpg\",\"datePublished\":\"2024-10-22T15:39:27+00:00\",\"dateModified\":\"2024-10-22T15:55:14+00:00\",\"description\":\"Blog SAUDI ARABIA SOCIAL MEDIA STATISTICS 2024 22\\\/10\\\/2024 SAUDI ARABIA SOCIAL MEDIA STATISTICS 2024 With the explosion of social media usage in Saudi\",\"breadcrumb\":{\"@id\":\"https:\\\/\\\/lylovaweb.com\\\/blog\\\/#breadcrumb\"},\"inLanguage\":\"tr\",\"potentialAction\":[{\"@type\":\"ReadAction\",\"target\":[\"https:\\\/\\\/lylovaweb.com\\\/blog\\\/\"]}]},{\"@type\":\"ImageObject\",\"inLanguage\":\"tr\",\"@id\":\"https:\\\/\\\/lylovaweb.com\\\/blog\\\/#primaryimage\",\"url\":\"https:\\\/\\\/lylovaweb.com\\\/wp-content\\\/uploads\\\/2024\\\/10\\\/Image2.jpg\",\"contentUrl\":\"https:\\\/\\\/lylovaweb.com\\\/wp-content\\\/uploads\\\/2024\\\/10\\\/Image2.jpg\"},{\"@type\":\"BreadcrumbList\",\"@id\":\"https:\\\/\\\/lylovaweb.com\\\/blog\\\/#breadcrumb\",\"itemListElement\":[{\"@type\":\"ListItem\",\"position\":1,\"name\":\"Home\",\"item\":\"https:\\\/\\\/lylovaweb.com\\\/\"},{\"@type\":\"ListItem\",\"position\":2,\"name\":\"Blog\"}]},{\"@type\":\"WebSite\",\"@id\":\"https:\\\/\\\/lylovaweb.com\\\/#website\",\"url\":\"https:\\\/\\\/lylovaweb.com\\\/\",\"name\":\"Lylovaweb\",\"description\":\"\",\"publisher\":{\"@id\":\"https:\\\/\\\/lylovaweb.com\\\/#organization\"},\"potentialAction\":[{\"@type\":\"SearchAction\",\"target\":{\"@type\":\"EntryPoint\",\"urlTemplate\":\"https:\\\/\\\/lylovaweb.com\\\/?s={search_term_string}\"},\"query-input\":{\"@type\":\"PropertyValueSpecification\",\"valueRequired\":true,\"valueName\":\"search_term_string\"}}],\"inLanguage\":\"tr\"},{\"@type\":\"Organization\",\"@id\":\"https:\\\/\\\/lylovaweb.com\\\/#organization\",\"name\":\"Lylovaweb\",\"url\":\"https:\\\/\\\/lylovaweb.com\\\/\",\"logo\":{\"@type\":\"ImageObject\",\"inLanguage\":\"tr\",\"@id\":\"https:\\\/\\\/lylovaweb.com\\\/#\\\/schema\\\/logo\\\/image\\\/\",\"url\":\"https:\\\/\\\/lylovaweb.com\\\/wp-content\\\/uploads\\\/2024\\\/09\\\/logo-lylovaweb.png\",\"contentUrl\":\"https:\\\/\\\/lylovaweb.com\\\/wp-content\\\/uploads\\\/2024\\\/09\\\/logo-lylovaweb.png\",\"width\":2000,\"height\":700,\"caption\":\"Lylovaweb\"},\"image\":{\"@id\":\"https:\\\/\\\/lylovaweb.com\\\/#\\\/schema\\\/logo\\\/image\\\/\"},\"sameAs\":[\"https:\\\/\\\/www.facebook.com\\\/people\\\/Lylovaweb\\\/61565990428665\\\/\",\"https:\\\/\\\/www.instagram.com\\\/lylovaweb_\\\/\",\"https:\\\/\\\/www.linkedin.com\\\/company\\\/lylovawebbg\\\/\"]}]}<\/script>\n<!-- \/ Yoast SEO plugin. -->","yoast_head_json":{"title":"Blog - Lylovaweb","description":"Blog SAUDI ARABIA SOCIAL MEDIA STATISTICS 2024 22\/10\/2024 SAUDI ARABIA SOCIAL MEDIA STATISTICS 2024 With the explosion of social media usage in Saudi","robots":{"index":"index","follow":"follow","max-snippet":"max-snippet:-1","max-image-preview":"max-image-preview:large","max-video-preview":"max-video-preview:-1"},"canonical":"https:\/\/lylovaweb.com\/tr\/blog\/","og_locale":"tr_TR","og_type":"article","og_title":"Blog - Lylovaweb","og_description":"Blog SAUDI ARABIA SOCIAL MEDIA STATISTICS 2024 22\/10\/2024 SAUDI ARABIA SOCIAL MEDIA STATISTICS 2024 With the explosion of social media usage in Saudi","og_url":"https:\/\/lylovaweb.com\/tr\/blog\/","og_site_name":"Lylovaweb","article_publisher":"https:\/\/www.facebook.com\/people\/Lylovaweb\/61565990428665\/","article_modified_time":"2024-10-22T15:55:14+00:00","og_image":[{"url":"https:\/\/lylovaweb.com\/wp-content\/uploads\/2024\/10\/Image2.jpg","type":"","width":"","height":""}],"twitter_card":"summary_large_image","twitter_misc":{"Tahmini okuma s\u00fcresi":"1 dakika"},"schema":{"@context":"https:\/\/schema.org","@graph":[{"@type":"WebPage","@id":"https:\/\/lylovaweb.com\/blog\/","url":"https:\/\/lylovaweb.com\/blog\/","name":"Blog - Lylovaweb","isPartOf":{"@id":"https:\/\/lylovaweb.com\/#website"},"primaryImageOfPage":{"@id":"https:\/\/lylovaweb.com\/blog\/#primaryimage"},"image":{"@id":"https:\/\/lylovaweb.com\/blog\/#primaryimage"},"thumbnailUrl":"https:\/\/lylovaweb.com\/wp-content\/uploads\/2024\/10\/Image2.jpg","datePublished":"2024-10-22T15:39:27+00:00","dateModified":"2024-10-22T15:55:14+00:00","description":"Blog SAUDI ARABIA SOCIAL MEDIA STATISTICS 2024 22\/10\/2024 SAUDI ARABIA SOCIAL MEDIA STATISTICS 2024 With the explosion of social media usage in Saudi","breadcrumb":{"@id":"https:\/\/lylovaweb.com\/blog\/#breadcrumb"},"inLanguage":"tr","potentialAction":[{"@type":"ReadAction","target":["https:\/\/lylovaweb.com\/blog\/"]}]},{"@type":"ImageObject","inLanguage":"tr","@id":"https:\/\/lylovaweb.com\/blog\/#primaryimage","url":"https:\/\/lylovaweb.com\/wp-content\/uploads\/2024\/10\/Image2.jpg","contentUrl":"https:\/\/lylovaweb.com\/wp-content\/uploads\/2024\/10\/Image2.jpg"},{"@type":"BreadcrumbList","@id":"https:\/\/lylovaweb.com\/blog\/#breadcrumb","itemListElement":[{"@type":"ListItem","position":1,"name":"Home","item":"https:\/\/lylovaweb.com\/"},{"@type":"ListItem","position":2,"name":"Blog"}]},{"@type":"WebSite","@id":"https:\/\/lylovaweb.com\/#website","url":"https:\/\/lylovaweb.com\/","name":"Lylovaweb","description":"","publisher":{"@id":"https:\/\/lylovaweb.com\/#organization"},"potentialAction":[{"@type":"SearchAction","target":{"@type":"EntryPoint","urlTemplate":"https:\/\/lylovaweb.com\/?s={search_term_string}"},"query-input":{"@type":"PropertyValueSpecification","valueRequired":true,"valueName":"search_term_string"}}],"inLanguage":"tr"},{"@type":"Organization","@id":"https:\/\/lylovaweb.com\/#organization","name":"Lylovaweb","url":"https:\/\/lylovaweb.com\/","logo":{"@type":"ImageObject","inLanguage":"tr","@id":"https:\/\/lylovaweb.com\/#\/schema\/logo\/image\/","url":"https:\/\/lylovaweb.com\/wp-content\/uploads\/2024\/09\/logo-lylovaweb.png","contentUrl":"https:\/\/lylovaweb.com\/wp-content\/uploads\/2024\/09\/logo-lylovaweb.png","width":2000,"height":700,"caption":"Lylovaweb"},"image":{"@id":"https:\/\/lylovaweb.com\/#\/schema\/logo\/image\/"},"sameAs":["https:\/\/www.facebook.com\/people\/Lylovaweb\/61565990428665\/","https:\/\/www.instagram.com\/lylovaweb_\/","https:\/\/www.linkedin.com\/company\/lylovawebbg\/"]}]}},"_links":{"self":[{"href":"https:\/\/lylovaweb.com\/tr\/wp-json\/wp\/v2\/pages\/14294","targetHints":{"allow":["GET"]}}],"collection":[{"href":"https:\/\/lylovaweb.com\/tr\/wp-json\/wp\/v2\/pages"}],"about":[{"href":"https:\/\/lylovaweb.com\/tr\/wp-json\/wp\/v2\/types\/page"}],"author":[{"embeddable":true,"href":"https:\/\/lylovaweb.com\/tr\/wp-json\/wp\/v2\/users\/2"}],"replies":[{"embeddable":true,"href":"https:\/\/lylovaweb.com\/tr\/wp-json\/wp\/v2\/comments?post=14294"}],"version-history":[{"count":20,"href":"https:\/\/lylovaweb.com\/tr\/wp-json\/wp\/v2\/pages\/14294\/revisions"}],"predecessor-version":[{"id":14322,"href":"https:\/\/lylovaweb.com\/tr\/wp-json\/wp\/v2\/pages\/14294\/revisions\/14322"}],"wp:attachment":[{"href":"https:\/\/lylovaweb.com\/tr\/wp-json\/wp\/v2\/media?parent=14294"}],"curies":[{"name":"wp","href":"https:\/\/api.w.org\/{rel}","templated":true}]}}